{"id":24,"date":"2022-10-03T11:30:11","date_gmt":"2022-10-03T11:30:11","guid":{"rendered":"https:\/\/www.astrip-wp.egenslab.com\/?page_id=24"},"modified":"2025-04-30T10:51:28","modified_gmt":"2025-04-30T10:51:28","slug":"about-us","status":"publish","type":"page","link":"https:\/\/indiatravelboutique.com\/de\/about-us\/","title":{"rendered":"\u00dcber uns"},"content":{"rendered":"<div data-elementor-type=\"wp-page\" data-elementor-id=\"24\" class=\"elementor elementor-24\">\n\t\t\t\t\t\t<section class=\"elementor-section elementor-top-section elementor-element elementor-element-ac9214e elementor-section-boxed elementor-section-height-default elementor-section-height-default\" data-id=\"ac9214e\" data-element_type=\"section\">\n\t\t\t\t\t\t<div class=\"elementor-container elementor-column-gap-default\">\n\t\t\t\t\t<div class=\"elementor-column elementor-col-100 elementor-top-column elementor-element elementor-element-c13c262\" data-id=\"c13c262\" data-element_type=\"column\">\n\t\t\t<div class=\"elementor-widget-wrap\">\n\t\t\t\t\t\t\t<\/div>\n\t\t<\/div>\n\t\t\t\t\t<\/div>\n\t\t<\/section>\n\t\t\t\t<section class=\"elementor-section elementor-top-section elementor-element elementor-element-0578fb3 elementor-section-boxed elementor-section-height-default elementor-section-height-default\" data-id=\"0578fb3\" data-element_type=\"section\">\n\t\t\t\t\t\t<div class=\"elementor-container elementor-column-gap-default\">\n\t\t\t\t\t<div class=\"elementor-column elementor-col-100 elementor-top-column elementor-element elementor-element-0470ecf\" data-id=\"0470ecf\" data-element_type=\"column\">\n\t\t\t<div class=\"elementor-widget-wrap elementor-element-populated\">\n\t\t\t\t\t\t\t<\/div>\n\t\t<\/div>\n\t\t\t\t\t<\/div>\n\t\t<\/section>\n\t\t\t\t<section class=\"elementor-section elementor-top-section elementor-element elementor-element-f463c1d elementor-section-full_width elementor-section-height-default elementor-section-height-default\" data-id=\"f463c1d\" data-element_type=\"section\">\n\t\t\t\t\t\t<div class=\"elementor-container elementor-column-gap-no\">\n\t\t\t\t\t<div class=\"elementor-column elementor-col-100 elementor-top-column elementor-element elementor-element-1185911\" data-id=\"1185911\" data-element_type=\"column\">\n\t\t\t<div class=\"elementor-widget-wrap elementor-element-populated\">\n\t\t\t\t\t\t<div class=\"elementor-element elementor-element-5d76ce2 elementor-widget elementor-widget-astrip_feature\" data-id=\"5d76ce2\" data-element_type=\"widget\" data-widget_type=\"astrip_feature.default\">\n\t\t\t\t<div class=\"elementor-widget-container\">\n\t\t\t            \r\n                         \r\n                <div class=\"feature-section2\">\r\n                    <div class=\"row justify-content-center\">\r\n                        <div class=\"col-lg-6 ps-lg-5\">\r\n                            <div class=\"about3-title text-start\">\r\n                                                                    <span>Vom Schreibtisch des Gr\u00fcnders:<\/span>\r\n                                                                                                    <h2>Manoranjan Pandey (Manu)<\/h2>\r\n                                                                                                    <p>Nach meinem Masterabschluss in Deutsch an der Benaras Hindu University begann ich 1995 meine Karriere als deutschsprachiger Reiseleiter in Indien. Im Jahr 2000 machte ich mich als Reiseveranstalter selbstst\u00e4ndig, doch meine Leidenschaft f\u00fcr das F\u00fchren von Reisen ist ungebrochen, so dass ich weiterhin Reisen nach Indien leite. Im Jahr 2012 gr\u00fcndete ich die India Travel Boutique, die es sich zur Aufgabe gemacht hat, nahtlose, intensive Reiseerlebnisse zu bieten, ohne dabei auf Komfort zu verzichten. Mit fast drei Jahrzehnten Erfahrung in der indischen Reiseindustrie verbrachte ich 15 Jahre in Indien, bevor ich nach \u00d6sterreich wechselte und mich schlie\u00dflich in Deutschland niederlie\u00df.\nMit einem M.A. und M.Phil. in deutscher Literatur von der Universit\u00e4t Salzburg lebe ich seit einem Jahrzehnt in Deutschland und leite mein Unternehmen ITB in Indien aus der Ferne. Nach 15 Jahren in Europa und fast 30 Jahren im akademischen Bereich und auf Reisen schlie\u00dfe ich die L\u00fccke zwischen Indien und dem Westen, indem ich deutsche Arbeitsmoral mit indischem Engagement verbinde. Unsere sorgf\u00e4ltig f\u00fcr westliche Reisende konzipierten Touren gew\u00e4hrleisten ein nahtloses Erlebnis mit einer R\u00fccklaufquote von 80 %. Dank meines umfangreichen Netzwerks und meines guten Rufs als vertrauensw\u00fcrdige Organisator und Reiseleiter in Indien bieten wir einzigartige, personalisierte Erlebnisse und k\u00fcmmern uns mit Leichtigkeit um Notf\u00e4lle. Geben Sie uns die Chance, f\u00fcr Sie da zu sein und eine unvergessliche Reise mit ITB zu erleben. \u00a0<\/p>\r\n                                                            <\/div>\r\n                            <ul class=\"feature3-list\">\r\n                                                                                                                                <\/ul>\r\n                             \r\n                        <\/div>\r\n                        <div class=\"col-lg-6\">\r\n                            <div class=\"feature-image-group d-flex flex-row justify-content-center gap-5\">\r\n                                                                    <div class=\"feature3-icon\">\r\n                                                                            <\/div>\r\n                                                                                                    <div class=\"feature-image\">\r\n                                        <img decoding=\"async\" src=\"http:\/\/indiatravelboutique.com\/wp-content\/uploads\/2025\/04\/IMG_2930-scaled-e1746009268814.jpeg\" class=\"img-fluid\" alt=\"feature-image-one\">\r\n                                    <\/div>\r\n                                                                                                    <div class=\"feature-image translate-y\">\r\n                                        <img decoding=\"async\" src=\"http:\/\/indiatravelboutique.com\/wp-content\/uploads\/2025\/04\/IMG_1934-scaled.jpeg\" class=\"img-fluid\" alt=\"feature-image-one\">\r\n                                    <\/div>\r\n                                                            <\/div>\r\n                        <\/div>\r\n                    <\/div>\r\n                <\/div>\r\n            \r\n        \t\t<\/div>\n\t\t\t\t<\/div>\n\t\t\t\t\t<\/div>\n\t\t<\/div>\n\t\t\t\t\t<\/div>\n\t\t<\/section>\n\t\t\t\t<\/div>","protected":false},"excerpt":{"rendered":"<p>From founder\u2019s desk: Manoranjan Pandey (Manu) After earning my Master&#8217;s in German from Benaras Hindu University, I launched my career as a German-speaking tour guide in India in 1995. Transitioning to a self-employed tour operator in 2000, my passion for guiding remains strong, leading me to continue guiding trips to India. In 2012, I founded<\/p>","protected":false},"author":1,"featured_media":0,"parent":0,"menu_order":0,"comment_status":"closed","ping_status":"closed","template":"","meta":{"inline_featured_image":false,"footnotes":""},"yoast_head":"<!-- This site is optimized with the Yoast SEO plugin v23.6 - https:\/\/yoast.com\/wordpress\/plugins\/seo\/ -->\n<title>About Us - India Travel Boutique, we craft your trip into a dream holiday, uniquely tailored just for you<\/title>\n<meta name=\"description\" content=\"Meet the passionate team at India Travel Boutique, dedicated to crafting unforgettable travel experiences across India&#039;s diverse landscapes.\" \/>\n<meta name=\"robots\" content=\"index, follow, max-snippet:-1, max-image-preview:large, max-video-preview:-1\" \/>\n<link rel=\"canonical\" href=\"https:\/\/indiatravelboutique.com\/de\/about-us\/\" \/>\n<meta property=\"og:locale\" content=\"de_DE\" \/>\n<meta property=\"og:type\" content=\"article\" \/>\n<meta property=\"og:title\" content=\"About Us - India Travel Boutique, we craft your trip into a dream holiday, uniquely tailored just for you\" \/>\n<meta property=\"og:description\" content=\"Meet the passionate team at India Travel Boutique, dedicated to crafting unforgettable travel experiences across India&#039;s diverse landscapes.\" \/>\n<meta property=\"og:url\" content=\"https:\/\/indiatravelboutique.com\/de\/about-us\/\" \/>\n<meta property=\"og:site_name\" content=\"India Travel Boutique, we craft your trip into a dream holiday, uniquely tailored just for you\" \/>\n<meta property=\"article:publisher\" content=\"https:\/\/www.facebook.com\/ItbIndia?mibextid=LQQJ4d\" \/>\n<meta property=\"article:modified_time\" content=\"2025-04-30T10:51:28+00:00\" \/>\n<meta property=\"og:image\" content=\"http:\/\/indiatravelboutique.com\/wp-content\/uploads\/2025\/04\/IMG_2930-scaled-e1746009268814.jpeg\" \/>\n<meta name=\"twitter:card\" content=\"summary_large_image\" \/>\n<meta name=\"twitter:label1\" content=\"Gesch\u00e4tzte Lesezeit\" \/>\n\t<meta name=\"twitter:data1\" content=\"2\u00a0Minuten\" \/>\n<script type=\"application\/ld+json\" class=\"yoast-schema-graph\">{\"@context\":\"https:\/\/schema.org\",\"@graph\":[{\"@type\":\"WebPage\",\"@id\":\"https:\/\/indiatravelboutique.com\/about-us\/\",\"url\":\"https:\/\/indiatravelboutique.com\/about-us\/\",\"name\":\"About Us - India Travel Boutique, we craft your trip into a dream holiday, uniquely tailored just for you\",\"isPartOf\":{\"@id\":\"https:\/\/indiatravelboutique.com\/#website\"},\"primaryImageOfPage\":{\"@id\":\"https:\/\/indiatravelboutique.com\/about-us\/#primaryimage\"},\"image\":{\"@id\":\"https:\/\/indiatravelboutique.com\/about-us\/#primaryimage\"},\"thumbnailUrl\":\"http:\/\/indiatravelboutique.com\/wp-content\/uploads\/2025\/04\/IMG_2930-scaled-e1746009268814.jpeg\",\"datePublished\":\"2022-10-03T11:30:11+00:00\",\"dateModified\":\"2025-04-30T10:51:28+00:00\",\"description\":\"Meet the passionate team at India Travel Boutique, dedicated to crafting unforgettable travel experiences across India's diverse landscapes.\",\"breadcrumb\":{\"@id\":\"https:\/\/indiatravelboutique.com\/about-us\/#breadcrumb\"},\"inLanguage\":\"de\",\"potentialAction\":[{\"@type\":\"ReadAction\",\"target\":[\"https:\/\/indiatravelboutique.com\/about-us\/\"]}]},{\"@type\":\"ImageObject\",\"inLanguage\":\"de\",\"@id\":\"https:\/\/indiatravelboutique.com\/about-us\/#primaryimage\",\"url\":\"http:\/\/indiatravelboutique.com\/wp-content\/uploads\/2025\/04\/IMG_2930-scaled-e1746009268814.jpeg\",\"contentUrl\":\"http:\/\/indiatravelboutique.com\/wp-content\/uploads\/2025\/04\/IMG_2930-scaled-e1746009268814.jpeg\"},{\"@type\":\"BreadcrumbList\",\"@id\":\"https:\/\/indiatravelboutique.com\/about-us\/#breadcrumb\",\"itemListElement\":[{\"@type\":\"ListItem\",\"position\":1,\"name\":\"Home\",\"item\":\"https:\/\/indiatravelboutique.com\/en\/\"},{\"@type\":\"ListItem\",\"position\":2,\"name\":\"About Us\"}]},{\"@type\":\"WebSite\",\"@id\":\"https:\/\/indiatravelboutique.com\/#website\",\"url\":\"https:\/\/indiatravelboutique.com\/\",\"name\":\"ITB Official\",\"description\":\"Where Holidays become Dreams\",\"publisher\":{\"@id\":\"https:\/\/indiatravelboutique.com\/#\/schema\/person\/e11aa90df2bb708bce9f73d33883dc23\"},\"potentialAction\":[{\"@type\":\"SearchAction\",\"target\":{\"@type\":\"EntryPoint\",\"urlTemplate\":\"https:\/\/indiatravelboutique.com\/?s={search_term_string}\"},\"query-input\":{\"@type\":\"PropertyValueSpecification\",\"valueRequired\":true,\"valueName\":\"search_term_string\"}}],\"inLanguage\":\"de\"},{\"@type\":[\"Person\",\"Organization\"],\"@id\":\"https:\/\/indiatravelboutique.com\/#\/schema\/person\/e11aa90df2bb708bce9f73d33883dc23\",\"name\":\"ITB Official\",\"image\":{\"@type\":\"ImageObject\",\"inLanguage\":\"de\",\"@id\":\"https:\/\/indiatravelboutique.com\/#\/schema\/person\/image\/\",\"url\":\"https:\/\/indiatravelboutique.com\/wp-content\/uploads\/2024\/12\/bold-new-fresh-itb-logo.svg\",\"contentUrl\":\"https:\/\/indiatravelboutique.com\/wp-content\/uploads\/2024\/12\/bold-new-fresh-itb-logo.svg\",\"width\":160,\"height\":70,\"caption\":\"ITB Official\"},\"logo\":{\"@id\":\"https:\/\/indiatravelboutique.com\/#\/schema\/person\/image\/\"},\"description\":\"I'm Manoranjan Pandey, the proud founder of ITB. With three decades of experience as a tour guide and travel professional in India, I've honed my expertise, particularly in catering to German-speaking groups. Living in Austria for 15 years and now based in Germany, I've cultivated a profound understanding of European travelers' preferences, making me a vital link between cultures. Leading ITB, I've been instrumental in steering the company to remarkable success within the travel sector.\",\"sameAs\":[\"https:\/\/indiatravelboutique.com\",\"https:\/\/www.facebook.com\/ItbIndia?mibextid=LQQJ4d\",\"https:\/\/www.instagram.com\/india_travel_boutique?igsh=MWZjNHkwZjF1MjJoMA&utm_source=qr\"]}]}<\/script>\n<!-- \/ Yoast SEO plugin. -->","yoast_head_json":{"title":"About Us - India Travel Boutique, we craft your trip into a dream holiday, uniquely tailored just for you","description":"Meet the passionate team at India Travel Boutique, dedicated to crafting unforgettable travel experiences across India's diverse landscapes.","robots":{"index":"index","follow":"follow","max-snippet":"max-snippet:-1","max-image-preview":"max-image-preview:large","max-video-preview":"max-video-preview:-1"},"canonical":"https:\/\/indiatravelboutique.com\/de\/about-us\/","og_locale":"de_DE","og_type":"article","og_title":"About Us - India Travel Boutique, we craft your trip into a dream holiday, uniquely tailored just for you","og_description":"Meet the passionate team at India Travel Boutique, dedicated to crafting unforgettable travel experiences across India's diverse landscapes.","og_url":"https:\/\/indiatravelboutique.com\/de\/about-us\/","og_site_name":"India Travel Boutique, we craft your trip into a dream holiday, uniquely tailored just for you","article_publisher":"https:\/\/www.facebook.com\/ItbIndia?mibextid=LQQJ4d","article_modified_time":"2025-04-30T10:51:28+00:00","og_image":[{"url":"http:\/\/indiatravelboutique.com\/wp-content\/uploads\/2025\/04\/IMG_2930-scaled-e1746009268814.jpeg"}],"twitter_card":"summary_large_image","twitter_misc":{"Gesch\u00e4tzte Lesezeit":"2\u00a0Minuten"},"schema":{"@context":"https:\/\/schema.org","@graph":[{"@type":"WebPage","@id":"https:\/\/indiatravelboutique.com\/about-us\/","url":"https:\/\/indiatravelboutique.com\/about-us\/","name":"About Us - India Travel Boutique, we craft your trip into a dream holiday, uniquely tailored just for you","isPartOf":{"@id":"https:\/\/indiatravelboutique.com\/#website"},"primaryImageOfPage":{"@id":"https:\/\/indiatravelboutique.com\/about-us\/#primaryimage"},"image":{"@id":"https:\/\/indiatravelboutique.com\/about-us\/#primaryimage"},"thumbnailUrl":"http:\/\/indiatravelboutique.com\/wp-content\/uploads\/2025\/04\/IMG_2930-scaled-e1746009268814.jpeg","datePublished":"2022-10-03T11:30:11+00:00","dateModified":"2025-04-30T10:51:28+00:00","description":"Meet the passionate team at India Travel Boutique, dedicated to crafting unforgettable travel experiences across India's diverse landscapes.","breadcrumb":{"@id":"https:\/\/indiatravelboutique.com\/about-us\/#breadcrumb"},"inLanguage":"de","potentialAction":[{"@type":"ReadAction","target":["https:\/\/indiatravelboutique.com\/about-us\/"]}]},{"@type":"ImageObject","inLanguage":"de","@id":"https:\/\/indiatravelboutique.com\/about-us\/#primaryimage","url":"http:\/\/indiatravelboutique.com\/wp-content\/uploads\/2025\/04\/IMG_2930-scaled-e1746009268814.jpeg","contentUrl":"http:\/\/indiatravelboutique.com\/wp-content\/uploads\/2025\/04\/IMG_2930-scaled-e1746009268814.jpeg"},{"@type":"BreadcrumbList","@id":"https:\/\/indiatravelboutique.com\/about-us\/#breadcrumb","itemListElement":[{"@type":"ListItem","position":1,"name":"Home","item":"https:\/\/indiatravelboutique.com\/en\/"},{"@type":"ListItem","position":2,"name":"About Us"}]},{"@type":"WebSite","@id":"https:\/\/indiatravelboutique.com\/#website","url":"https:\/\/indiatravelboutique.com\/","name":"ITB Official","description":"Where Holidays become Dreams","publisher":{"@id":"https:\/\/indiatravelboutique.com\/#\/schema\/person\/e11aa90df2bb708bce9f73d33883dc23"},"potentialAction":[{"@type":"SearchAction","target":{"@type":"EntryPoint","urlTemplate":"https:\/\/indiatravelboutique.com\/?s={search_term_string}"},"query-input":{"@type":"PropertyValueSpecification","valueRequired":true,"valueName":"search_term_string"}}],"inLanguage":"de"},{"@type":["Person","Organization"],"@id":"https:\/\/indiatravelboutique.com\/#\/schema\/person\/e11aa90df2bb708bce9f73d33883dc23","name":"ITB Official","image":{"@type":"ImageObject","inLanguage":"de","@id":"https:\/\/indiatravelboutique.com\/#\/schema\/person\/image\/","url":"https:\/\/indiatravelboutique.com\/wp-content\/uploads\/2024\/12\/bold-new-fresh-itb-logo.svg","contentUrl":"https:\/\/indiatravelboutique.com\/wp-content\/uploads\/2024\/12\/bold-new-fresh-itb-logo.svg","width":160,"height":70,"caption":"ITB Official"},"logo":{"@id":"https:\/\/indiatravelboutique.com\/#\/schema\/person\/image\/"},"description":"I'm Manoranjan Pandey, the proud founder of ITB. With three decades of experience as a tour guide and travel professional in India, I've honed my expertise, particularly in catering to German-speaking groups. Living in Austria for 15 years and now based in Germany, I've cultivated a profound understanding of European travelers' preferences, making me a vital link between cultures. Leading ITB, I've been instrumental in steering the company to remarkable success within the travel sector.","sameAs":["https:\/\/indiatravelboutique.com","https:\/\/www.facebook.com\/ItbIndia?mibextid=LQQJ4d","https:\/\/www.instagram.com\/india_travel_boutique?igsh=MWZjNHkwZjF1MjJoMA&utm_source=qr"]}]}},"_links":{"self":[{"href":"https:\/\/indiatravelboutique.com\/de\/wp-json\/wp\/v2\/pages\/24"}],"collection":[{"href":"https:\/\/indiatravelboutique.com\/de\/wp-json\/wp\/v2\/pages"}],"about":[{"href":"https:\/\/indiatravelboutique.com\/de\/wp-json\/wp\/v2\/types\/page"}],"author":[{"embeddable":true,"href":"https:\/\/indiatravelboutique.com\/de\/wp-json\/wp\/v2\/users\/1"}],"replies":[{"embeddable":true,"href":"https:\/\/indiatravelboutique.com\/de\/wp-json\/wp\/v2\/comments?post=24"}],"version-history":[{"count":15,"href":"https:\/\/indiatravelboutique.com\/de\/wp-json\/wp\/v2\/pages\/24\/revisions"}],"predecessor-version":[{"id":6604,"href":"https:\/\/indiatravelboutique.com\/de\/wp-json\/wp\/v2\/pages\/24\/revisions\/6604"}],"wp:attachment":[{"href":"https:\/\/indiatravelboutique.com\/de\/wp-json\/wp\/v2\/media?parent=24"}],"curies":[{"name":"wp","href":"https:\/\/api.w.org\/{rel}","templated":true}]}}