{"id":4983,"date":"2023-11-16T10:45:41","date_gmt":"2023-11-16T10:45:41","guid":{"rendered":"https:\/\/indiatravelboutique.com\/?page_id=4983"},"modified":"2023-11-16T10:50:00","modified_gmt":"2023-11-16T10:50:00","slug":"privacy-policy","status":"publish","type":"page","link":"https:\/\/indiatravelboutique.com\/de\/privacy-policy\/","title":{"rendered":"Datenschutzrichtlinie"},"content":{"rendered":"<div data-elementor-type=\"wp-page\" data-elementor-id=\"4983\" class=\"elementor elementor-4983\">\n\t\t\t\t\t\t<section class=\"elementor-section elementor-top-section elementor-element elementor-element-8309da9 elementor-section-boxed elementor-section-height-default elementor-section-height-default\" data-id=\"8309da9\" data-element_type=\"section\">\n\t\t\t\t\t\t<div class=\"elementor-container elementor-column-gap-default\">\n\t\t\t\t\t<div class=\"elementor-column elementor-col-100 elementor-top-column elementor-element elementor-element-32fa373\" data-id=\"32fa373\" data-element_type=\"column\">\n\t\t\t<div class=\"elementor-widget-wrap elementor-element-populated\">\n\t\t\t\t\t\t<div class=\"elementor-element elementor-element-7e75216 elementor-widget elementor-widget-astrip_heading\" data-id=\"7e75216\" data-element_type=\"widget\" data-widget_type=\"astrip_heading.default\">\n\t\t\t\t<div class=\"elementor-widget-container\">\n\t\t\t            \n             \n                <div class=\"justify-content-center\">\n                    <div class=\"section-title1\">\n                                                                            <h2>Datenschutzrichtlinie<\/h2>                            \n                                                                            <div class=\"heading-ribbon\">\n                                <svg width=\"370\" height=\"18\" viewbox=\"0 0 370 18\" fill=\"none\" xmlns=\"http:\/\/www.w3.org\/2000\/svg\">\n                                    <path d=\"M184.946 0.780971C183.9 1.11998 183.054 1.98633 182.734 3.03348L182.601 3.46289L182 3.48549L181.391 3.50809L181.02 3.16908C180.508 2.70201 179.944 2.33287 179.15 1.95619C176.648 0.750837 173.62 0.999442 171.305 2.59654C170.629 3.05608 169.746 3.94503 169.308 4.59291C167.074 7.86998 167.408 12.1716 170.117 14.9515C171.668 16.5485 173.613 17.3622 175.847 17.3622C178.823 17.3622 181.599 15.6219 182.905 12.94L183.209 12.3223L183.914 12.1867C184.909 11.9983 187.091 11.9983 188.086 12.1867L188.791 12.3223L189.073 12.9023C190.401 15.637 193.14 17.3622 196.153 17.3622C199.894 17.3622 203.004 14.9063 203.924 11.2299C204.584 8.57813 203.85 5.73047 201.979 3.71903C201.296 2.98828 200.643 2.50614 199.693 2.03153C198.758 1.56445 198.053 1.36105 196.97 1.24051C194.81 0.999442 192.427 1.79046 190.891 3.25195C190.631 3.50809 190.616 3.50809 190.008 3.48549L189.399 3.46289L189.266 3.03348C188.939 1.95619 188.048 1.07478 186.972 0.758371C186.43 0.600167 185.48 0.607701 184.946 0.780971ZM186.868 2.0692C187.581 2.3856 188.108 3.11635 188.197 3.9149C188.227 4.14844 188.308 4.41964 188.39 4.51758C188.516 4.68331 188.59 4.70592 189.05 4.70592C189.332 4.70592 189.563 4.72098 189.563 4.73605C189.563 4.75865 189.444 4.97712 189.295 5.23326C188.939 5.85854 188.642 6.59682 188.442 7.39537C188.308 7.92271 188.271 8.26925 188.271 9.113C188.264 9.69308 188.293 10.3485 188.323 10.5745L188.382 10.9813L188.138 10.9286C188.004 10.8984 187.47 10.8457 186.95 10.8005C186.045 10.7176 184.575 10.7854 183.855 10.9286C183.61 10.9813 183.603 10.9813 183.655 10.7628C183.759 10.2732 183.788 8.85686 183.707 8.20898C183.595 7.3577 183.195 6.12974 182.786 5.39146C182.616 5.07506 182.467 4.79632 182.452 4.76618C182.437 4.72852 182.66 4.70592 182.942 4.70592C183.41 4.70592 183.484 4.68331 183.61 4.51758C183.692 4.41964 183.773 4.14844 183.803 3.9149C183.981 2.3856 185.51 1.45898 186.868 2.0692ZM177.532 2.67188C180.76 3.60603 182.831 6.65709 182.504 9.96429C182.148 13.4674 179.268 16.1116 175.795 16.1116C173.925 16.1116 172.359 15.4336 171.008 14.055C169.746 12.7667 169.078 11.1169 169.078 9.30887C169.078 7.48577 169.709 5.89621 170.948 4.58538C171.928 3.54576 173.079 2.88281 174.407 2.58901C175.268 2.40067 176.73 2.43834 177.532 2.67188ZM197.541 2.58901C198.907 2.87528 200.042 3.51563 201.037 4.57031C204.273 7.99051 203.211 13.5276 198.944 15.524C197.675 16.1191 196.02 16.2849 194.654 15.9459C192.746 15.4637 191.166 14.2132 190.238 12.4503C188.709 9.54241 189.511 5.85854 192.108 3.8697C193.014 3.17662 194.075 2.70201 195.07 2.52874C195.76 2.41574 196.829 2.43834 197.541 2.58901Z\" fill=\"#ff670f\"\/>\n                                    <path d=\"M185.295 2.81501C184.523 3.28962 184.323 4.17857 184.805 4.94699C185.072 5.36886 185.458 5.57227 186 5.57227C186.542 5.57227 186.928 5.36886 187.195 4.94699C187.447 4.54018 187.521 4.1409 187.41 3.7341C187.321 3.38756 186.972 2.94308 186.661 2.77734C186.356 2.61914 185.57 2.64174 185.295 2.81501Z\" fill=\"#ff670f\"\/>\n                                    <path d=\"M174.637 3.60603C172.477 4.06557 170.815 5.7154 170.258 7.94531C170.028 8.85686 170.08 10.1978 170.377 11.0943C171.008 12.9927 172.566 14.4542 174.474 14.9289C175.209 15.1097 176.515 15.0871 177.264 14.8836C179.268 14.3412 180.864 12.6839 181.354 10.6348C181.517 9.97935 181.525 8.66853 181.369 7.99805C180.901 5.94894 179.439 4.36691 177.428 3.72656C176.76 3.51562 175.357 3.45536 174.637 3.60603ZM176.886 4.90178C177.665 5.09012 178.266 5.45173 178.912 6.09961C179.595 6.78516 179.921 7.34263 180.137 8.21652C180.745 10.6272 179.246 13.0907 176.797 13.716C176.144 13.8817 175.008 13.829 174.355 13.5954C173.746 13.377 172.878 12.7818 172.455 12.2921C171.72 11.4408 171.349 10.4163 171.349 9.26367C171.349 8.62333 171.379 8.41992 171.572 7.86998C171.846 7.07143 172.225 6.48382 172.804 5.95647C173.242 5.54966 173.984 5.10519 174.511 4.93945C175.194 4.71345 176.077 4.69838 176.886 4.90178Z\" fill=\"#ff670f\"\/>\n                                    <path d=\"M175.216 5.84347C173.902 6.04688 172.752 7.16183 172.448 8.52539C172.247 9.43694 172.425 9.90402 172.967 9.90402C173.368 9.89648 173.605 9.59514 173.605 9.09793C173.605 8.93973 173.702 8.60826 173.813 8.35965C174.147 7.65151 174.8 7.1543 175.513 7.07143C176.018 7.01116 176.248 6.90569 176.344 6.69475C176.463 6.41602 176.448 6.24275 176.263 6.03181C176.062 5.79827 175.795 5.75307 175.216 5.84347Z\" fill=\"#ff670f\"\/>\n                                    <path d=\"M195.188 3.57589C193.355 3.8923 191.626 5.30106 190.921 7.05636C190.505 8.09598 190.386 9.58761 190.646 10.6348C191.136 12.6839 192.732 14.3412 194.736 14.8836C195.485 15.0871 196.791 15.1097 197.526 14.9289C199.434 14.4542 201 12.9927 201.623 11.0943C201.786 10.5896 201.838 10.2882 201.861 9.56501C201.935 7.76451 201.43 6.43108 200.213 5.19559C199.345 4.31417 198.461 3.83203 197.311 3.60603C196.71 3.49302 195.76 3.47796 195.188 3.57589ZM197.311 4.90179C198.031 5.08259 198.743 5.50446 199.359 6.13728C200.243 7.03376 200.658 8.05078 200.651 9.30134C200.643 10.8457 199.931 12.1867 198.662 13.053C197.912 13.5653 197.341 13.7536 196.428 13.7988C195.879 13.829 195.559 13.8064 195.203 13.716C193.511 13.2866 192.175 11.9079 191.826 10.2355C191.373 8.05831 192.546 5.88867 194.624 5.05246C195.455 4.72098 196.361 4.66825 197.311 4.90179Z\" fill=\"#ff670f\"\/>\n                                    <path d=\"M195.611 5.84347C194.068 6.07701 192.754 7.62891 192.754 9.21094C192.754 9.81362 193.325 10.115 193.748 9.73075C193.897 9.60268 193.956 9.45201 194.008 9.05273C194.09 8.44252 194.327 7.99805 194.788 7.59124C195.136 7.27483 195.715 7.04129 196.138 7.04129C196.91 7.04129 197.044 5.91881 196.279 5.8058C196.153 5.79074 195.856 5.8058 195.611 5.84347Z\" fill=\"#ff670f\"\/>\n                                    <rect x=\"215\" y=\"8\" width=\"155\" height=\"2\" rx=\"1\" fill=\"url(#paint0_linear_2_2)\"\/>\n                                    <rect y=\"8\" width=\"157\" height=\"2\" rx=\"1\" fill=\"url(#paint1_linear_2_2)\"\/>\n                                    <defs>\n                                    <lineargradient id=\"paint0_linear_2_2\" x1=\"215\" y1=\"8.99999\" x2=\"370\" y2=\"8.99998\" gradientunits=\"userSpaceOnUse\">\n                                    <stop stop-color=\"#ff670f\"\/>\n                                    <stop offset=\"1\" stop-color=\"white\" stop-opacity=\"0\"\/>\n                                    <\/lineargradient>\n                                    <lineargradient id=\"paint1_linear_2_2\" x1=\"-2.0562e-07\" y1=\"8.99999\" x2=\"157\" y2=\"8.99998\" gradientunits=\"userSpaceOnUse\">\n                                    <stop stop-color=\"white\"\/>\n                                    <stop offset=\"1\" stop-color=\"#ff670f\"\/>\n                                    <\/lineargradient>\n                                    <\/defs>\n                                <\/svg>\n                            <\/div>\n                                            <\/div>\n                <\/div>\n                        \n        \t\t<\/div>\n\t\t\t\t<\/div>\n\t\t\t\t\t<\/div>\n\t\t<\/div>\n\t\t\t\t\t<\/div>\n\t\t<\/section>\n\t\t\t\t<section class=\"elementor-section elementor-top-section elementor-element elementor-element-1f3ca22 elementor-section-boxed elementor-section-height-default elementor-section-height-default\" data-id=\"1f3ca22\" data-element_type=\"section\">\n\t\t\t\t\t\t<div class=\"elementor-container elementor-column-gap-default\">\n\t\t\t\t\t<div class=\"elementor-column elementor-col-100 elementor-top-column elementor-element elementor-element-17855f6\" data-id=\"17855f6\" data-element_type=\"column\">\n\t\t\t<div class=\"elementor-widget-wrap elementor-element-populated\">\n\t\t\t\t\t\t<div class=\"elementor-element elementor-element-3221499 elementor-widget elementor-widget-text-editor\" data-id=\"3221499\" data-element_type=\"widget\" data-widget_type=\"text-editor.default\">\n\t\t\t\t<div class=\"elementor-widget-container\">\n\t\t\t<style>\/*! elementor - v3.21.0 - 25-04-2024 *\/\n.elementor-widget-text-editor.elementor-drop-cap-view-stacked .elementor-drop-cap{background-color:#69727d;color:#fff}.elementor-widget-text-editor.elementor-drop-cap-view-framed .elementor-drop-cap{color:#69727d;border:3px solid;background-color:transparent}.elementor-widget-text-editor:not(.elementor-drop-cap-view-default) .elementor-drop-cap{margin-top:8px}.elementor-widget-text-editor:not(.elementor-drop-cap-view-default) .elementor-drop-cap-letter{width:1em;height:1em}.elementor-widget-text-editor .elementor-drop-cap{float:left;text-align:center;line-height:1;font-size:50px}.elementor-widget-text-editor .elementor-drop-cap-letter{display:inline-block}<\/style>\t\t\t\t<h1>Datenschutzbestimmungen f\u00fcr India Travel Boutique<\/h1><p>Bei indiatravelboutique.com, erreichbar \u00fcber www.indiatravelboutique.com, ist eine unserer Hauptpriorit\u00e4ten der Schutz der Privatsph\u00e4re unserer Besucher. Diese Datenschutzrichtlinie enth\u00e4lt die Arten von Informationen, die von indiatravelboutique.com gesammelt und aufgezeichnet werden und wie wir sie verwenden.<\/p><p>Wenn Sie weitere Fragen haben oder mehr Informationen \u00fcber unsere Datenschutzpolitik ben\u00f6tigen, z\u00f6gern Sie nicht, uns zu kontaktieren. Unsere Datenschutzrichtlinie wurde mit Hilfe der\u00a0<a href=\"https:\/\/www.generateprivacypolicy.com\/\">Privacy Policy Generator<\/a>.<\/p><h2>Log-Dateien<\/h2><p>indiatravelboutique.com verwendet standardm\u00e4\u00dfig Protokolldateien. Diese Dateien protokollieren die Besucher, wenn sie Websites besuchen. Alle Hosting-Firmen tun dies und sind Teil der Analytik der Hosting-Dienste. Die von den Logdateien gesammelten Informationen beinhalten Internetprotokoll (IP) Adressen, Browsertyp, Internet Service Provider (ISP), Datums- und Zeitstempel, verweisende\/verlassende Seiten und m\u00f6glicherweise die Anzahl der Klicks. Diese sind nicht mit irgendwelchen Informationen verbunden, die pers\u00f6nlich identifizierbar sind. Der Zweck dieser Informationen ist die Analyse von Trends, die Verwaltung der Website, die Verfolgung der Bewegungen der Benutzer auf der Website und die Erfassung demographischer Informationen.<\/p><h2>Cookies und Web Beacons<\/h2><p>Wie jede andere Website auch, verwendet indiatravelboutique.com \"Cookies\". Diese Cookies werden verwendet, um Informationen zu speichern, einschlie\u00dflich der Pr\u00e4ferenzen der Besucher und der Seiten auf der Website, auf die der Besucher zugegriffen oder die er besucht hat. Die Informationen werden verwendet, um die Erfahrung des Benutzers zu optimieren, indem wir den Inhalt unserer Webseite basierend auf dem Browsertyp des Besuchers und\/oder anderen Informationen anpassen.<\/p><h2>Google DoubleClick DART Cookie<\/h2><p>Google ist einer der Drittanbieter auf unserer Website. Google verwendet auch Cookies, so genannte DART-Cookies, um den Besuchern unserer Website auf der Grundlage ihrer Besuche auf www.website.com und anderen Websites im Internet Anzeigen zu schalten. Besucher k\u00f6nnen jedoch die Verwendung von DART-Cookies ablehnen, indem sie die Datenschutzbestimmungen des Google-Anzeigen- und Content-Netzwerks unter der folgenden URL aufrufen\u00a0<a href=\"https:\/\/policies.google.com\/technologies\/ads\">https:\/\/policies.google.com\/technologies\/ads<\/a><\/p><h2>Unsere Werbepartner<\/h2><p>Einige der Werbepartner auf unserer Website k\u00f6nnen Cookies und Web Beacons verwenden. Unsere Werbepartner sind unten aufgef\u00fchrt. Jeder unserer Werbepartner hat seine eigenen Datenschutzrichtlinien f\u00fcr den Umgang mit Nutzerdaten. Um den Zugang zu erleichtern, haben wir unten einen Hyperlink zu ihren Datenschutzrichtlinien gesetzt.<\/p><ul><li><p>Google<\/p><p><a href=\"https:\/\/policies.google.com\/technologies\/ads\">https:\/\/policies.google.com\/technologies\/ads<\/a><\/p><\/li><\/ul><h2>Datenschutzrichtlinien<\/h2><p>You may consult this list to find the Privacy Policy for each of the advertising partners of indiatravelboutique.com.<\/p><p>Third-party ad servers or ad networks uses technologies like cookies, JavaScript, or Web Beacons that are used in their respective advertisements and links that appear on indiatravelboutique.com, which are sent directly to users&#8217; browser. They automatically receive your IP address when this occurs. These technologies are used to measure the effectiveness of their advertising campaigns and\/or to personalize the advertising content that you see on websites that you visit.<\/p><p>Note that indiatravelboutique.com has no access to or control over these cookies that are used by third-party advertisers.<\/p><h2>Datenschutzrichtlinien von Dritten<\/h2><p>Die Datenschutzrichtlinien von indiatravelboutique.com gelten nicht f\u00fcr andere Werbetreibende oder Webseiten. Wir raten Ihnen daher, die jeweiligen Datenschutzrichtlinien dieser Werbeserver Dritter zu konsultieren, um genauere Informationen zu erhalten. Sie kann deren Praktiken und Anweisungen dar\u00fcber enthalten, wie Sie bestimmte Optionen deaktivieren k\u00f6nnen.<\/p><p>Sie k\u00f6nnen Cookies \u00fcber die Optionen Ihres Browsers deaktivieren. Ausf\u00fchrlichere Informationen zur Cookie-Verwaltung mit bestimmten Webbrowsern finden Sie auf den jeweiligen Websites der Browser. Was sind Cookies?<\/p><h2>Informationen f\u00fcr Kinder<\/h2><p>Ein weiterer Teil unserer Priorit\u00e4t ist der Schutz von Kindern bei der Nutzung des Internets. Wir ermutigen Eltern und Erziehungsberechtigte, ihre Online-Aktivit\u00e4ten zu beobachten, daran teilzunehmen und\/oder sie zu \u00fcberwachen und anzuleiten.<\/p><p>indiatravelboutique.com sammelt nicht wissentlich pers\u00f6nliche Informationen von Kindern unter 13 Jahren. Wenn Sie glauben, dass Ihr Kind diese Art von Informationen auf unserer Website zur Verf\u00fcgung gestellt hat, empfehlen wir Ihnen dringend, uns sofort zu kontaktieren, und wir werden unser Bestes tun, um solche Informationen umgehend aus unseren Unterlagen zu entfernen.<\/p><h2>Nur Online-Datenschutzerkl\u00e4rung<\/h2><p>Diese Datenschutzrichtlinie gilt nur f\u00fcr unsere Online-Aktivit\u00e4ten und f\u00fcr die Besucher unserer Website in Bezug auf die Informationen, die sie auf indiatravelboutique.com teilen und\/oder sammeln. Diese Politik ist nicht anwendbar auf Informationen, die offline oder \u00fcber andere Kan\u00e4le als diese Website gesammelt werden.<\/p><h2>Zustimmung<\/h2><p>Durch die Nutzung unserer Website erkl\u00e4ren Sie sich mit unserer Datenschutzrichtlinie einverstanden und stimmen den darin enthaltenen Bedingungen und Konditionen zu.<\/p>\t\t\t\t\t\t<\/div>\n\t\t\t\t<\/div>\n\t\t\t\t\t<\/div>\n\t\t<\/div>\n\t\t\t\t\t<\/div>\n\t\t<\/section>\n\t\t\t\t<\/div>","protected":false},"excerpt":{"rendered":"<p>Privacy Policy Privacy Policy for India Travel Boutique At indiatravelboutique.com, accessible from www.indiatravelboutique.com, one of our main priorities is the privacy of our visitors. This Privacy Policy document contains types of information that is collected and recorded by indiatravelboutique.com and how we use it. If you have additional questions or require more information about our<\/p>","protected":false},"author":1,"featured_media":0,"parent":0,"menu_order":0,"comment_status":"closed","ping_status":"closed","template":"","meta":{"inline_featured_image":false,"footnotes":""},"yoast_head":"<!-- This site is optimized with the Yoast SEO plugin v23.6 - https:\/\/yoast.com\/wordpress\/plugins\/seo\/ -->\n<title>Privacy Policy - India Travel Boutique, we craft your trip into a dream holiday, uniquely tailored just for you<\/title>\n<meta name=\"robots\" content=\"index, follow, max-snippet:-1, max-image-preview:large, max-video-preview:-1\" \/>\n<link rel=\"canonical\" href=\"https:\/\/indiatravelboutique.com\/de\/privacy-policy\/\" \/>\n<meta property=\"og:locale\" content=\"de_DE\" \/>\n<meta property=\"og:type\" content=\"article\" \/>\n<meta property=\"og:title\" content=\"Privacy Policy - India Travel Boutique, we craft your trip into a dream holiday, uniquely tailored just for you\" \/>\n<meta property=\"og:description\" content=\"Privacy Policy Privacy Policy for India Travel Boutique At indiatravelboutique.com, accessible from www.indiatravelboutique.com, one of our main priorities is the privacy of our visitors. This Privacy Policy document contains types of information that is collected and recorded by indiatravelboutique.com and how we use it. If you have additional questions or require more information about our\" \/>\n<meta property=\"og:url\" content=\"https:\/\/indiatravelboutique.com\/de\/privacy-policy\/\" \/>\n<meta property=\"og:site_name\" content=\"India Travel Boutique, we craft your trip into a dream holiday, uniquely tailored just for you\" \/>\n<meta property=\"article:publisher\" content=\"https:\/\/www.facebook.com\/ItbIndia?mibextid=LQQJ4d\" \/>\n<meta property=\"article:modified_time\" content=\"2023-11-16T10:50:00+00:00\" \/>\n<meta name=\"twitter:card\" content=\"summary_large_image\" \/>\n<meta name=\"twitter:label1\" content=\"Gesch\u00e4tzte Lesezeit\" \/>\n\t<meta name=\"twitter:data1\" content=\"4\u00a0Minuten\" \/>\n<script type=\"application\/ld+json\" class=\"yoast-schema-graph\">{\"@context\":\"https:\/\/schema.org\",\"@graph\":[{\"@type\":\"WebPage\",\"@id\":\"https:\/\/indiatravelboutique.com\/privacy-policy\/\",\"url\":\"https:\/\/indiatravelboutique.com\/privacy-policy\/\",\"name\":\"Privacy Policy - India Travel Boutique, we craft your trip into a dream holiday, uniquely tailored just for you\",\"isPartOf\":{\"@id\":\"https:\/\/indiatravelboutique.com\/#website\"},\"datePublished\":\"2023-11-16T10:45:41+00:00\",\"dateModified\":\"2023-11-16T10:50:00+00:00\",\"breadcrumb\":{\"@id\":\"https:\/\/indiatravelboutique.com\/privacy-policy\/#breadcrumb\"},\"inLanguage\":\"de\",\"potentialAction\":[{\"@type\":\"ReadAction\",\"target\":[\"https:\/\/indiatravelboutique.com\/privacy-policy\/\"]}]},{\"@type\":\"BreadcrumbList\",\"@id\":\"https:\/\/indiatravelboutique.com\/privacy-policy\/#breadcrumb\",\"itemListElement\":[{\"@type\":\"ListItem\",\"position\":1,\"name\":\"Home\",\"item\":\"https:\/\/indiatravelboutique.com\/en\/\"},{\"@type\":\"ListItem\",\"position\":2,\"name\":\"Privacy Policy\"}]},{\"@type\":\"WebSite\",\"@id\":\"https:\/\/indiatravelboutique.com\/#website\",\"url\":\"https:\/\/indiatravelboutique.com\/\",\"name\":\"ITB Official\",\"description\":\"Where Holidays become Dreams\",\"publisher\":{\"@id\":\"https:\/\/indiatravelboutique.com\/#\/schema\/person\/e11aa90df2bb708bce9f73d33883dc23\"},\"potentialAction\":[{\"@type\":\"SearchAction\",\"target\":{\"@type\":\"EntryPoint\",\"urlTemplate\":\"https:\/\/indiatravelboutique.com\/?s={search_term_string}\"},\"query-input\":{\"@type\":\"PropertyValueSpecification\",\"valueRequired\":true,\"valueName\":\"search_term_string\"}}],\"inLanguage\":\"de\"},{\"@type\":[\"Person\",\"Organization\"],\"@id\":\"https:\/\/indiatravelboutique.com\/#\/schema\/person\/e11aa90df2bb708bce9f73d33883dc23\",\"name\":\"ITB Official\",\"image\":{\"@type\":\"ImageObject\",\"inLanguage\":\"de\",\"@id\":\"https:\/\/indiatravelboutique.com\/#\/schema\/person\/image\/\",\"url\":\"https:\/\/indiatravelboutique.com\/wp-content\/uploads\/2024\/12\/bold-new-fresh-itb-logo.svg\",\"contentUrl\":\"https:\/\/indiatravelboutique.com\/wp-content\/uploads\/2024\/12\/bold-new-fresh-itb-logo.svg\",\"width\":160,\"height\":70,\"caption\":\"ITB Official\"},\"logo\":{\"@id\":\"https:\/\/indiatravelboutique.com\/#\/schema\/person\/image\/\"},\"description\":\"I'm Manoranjan Pandey, the proud founder of ITB. With three decades of experience as a tour guide and travel professional in India, I've honed my expertise, particularly in catering to German-speaking groups. Living in Austria for 15 years and now based in Germany, I've cultivated a profound understanding of European travelers' preferences, making me a vital link between cultures. Leading ITB, I've been instrumental in steering the company to remarkable success within the travel sector.\",\"sameAs\":[\"https:\/\/indiatravelboutique.com\",\"https:\/\/www.facebook.com\/ItbIndia?mibextid=LQQJ4d\",\"https:\/\/www.instagram.com\/india_travel_boutique?igsh=MWZjNHkwZjF1MjJoMA&utm_source=qr\"]}]}<\/script>\n<!-- \/ Yoast SEO plugin. -->","yoast_head_json":{"title":"Privacy Policy - India Travel Boutique, we craft your trip into a dream holiday, uniquely tailored just for you","robots":{"index":"index","follow":"follow","max-snippet":"max-snippet:-1","max-image-preview":"max-image-preview:large","max-video-preview":"max-video-preview:-1"},"canonical":"https:\/\/indiatravelboutique.com\/de\/privacy-policy\/","og_locale":"de_DE","og_type":"article","og_title":"Privacy Policy - India Travel Boutique, we craft your trip into a dream holiday, uniquely tailored just for you","og_description":"Privacy Policy Privacy Policy for India Travel Boutique At indiatravelboutique.com, accessible from www.indiatravelboutique.com, one of our main priorities is the privacy of our visitors. This Privacy Policy document contains types of information that is collected and recorded by indiatravelboutique.com and how we use it. If you have additional questions or require more information about our","og_url":"https:\/\/indiatravelboutique.com\/de\/privacy-policy\/","og_site_name":"India Travel Boutique, we craft your trip into a dream holiday, uniquely tailored just for you","article_publisher":"https:\/\/www.facebook.com\/ItbIndia?mibextid=LQQJ4d","article_modified_time":"2023-11-16T10:50:00+00:00","twitter_card":"summary_large_image","twitter_misc":{"Gesch\u00e4tzte Lesezeit":"4\u00a0Minuten"},"schema":{"@context":"https:\/\/schema.org","@graph":[{"@type":"WebPage","@id":"https:\/\/indiatravelboutique.com\/privacy-policy\/","url":"https:\/\/indiatravelboutique.com\/privacy-policy\/","name":"Privacy Policy - India Travel Boutique, we craft your trip into a dream holiday, uniquely tailored just for you","isPartOf":{"@id":"https:\/\/indiatravelboutique.com\/#website"},"datePublished":"2023-11-16T10:45:41+00:00","dateModified":"2023-11-16T10:50:00+00:00","breadcrumb":{"@id":"https:\/\/indiatravelboutique.com\/privacy-policy\/#breadcrumb"},"inLanguage":"de","potentialAction":[{"@type":"ReadAction","target":["https:\/\/indiatravelboutique.com\/privacy-policy\/"]}]},{"@type":"BreadcrumbList","@id":"https:\/\/indiatravelboutique.com\/privacy-policy\/#breadcrumb","itemListElement":[{"@type":"ListItem","position":1,"name":"Home","item":"https:\/\/indiatravelboutique.com\/en\/"},{"@type":"ListItem","position":2,"name":"Privacy Policy"}]},{"@type":"WebSite","@id":"https:\/\/indiatravelboutique.com\/#website","url":"https:\/\/indiatravelboutique.com\/","name":"ITB Official","description":"Where Holidays become Dreams","publisher":{"@id":"https:\/\/indiatravelboutique.com\/#\/schema\/person\/e11aa90df2bb708bce9f73d33883dc23"},"potentialAction":[{"@type":"SearchAction","target":{"@type":"EntryPoint","urlTemplate":"https:\/\/indiatravelboutique.com\/?s={search_term_string}"},"query-input":{"@type":"PropertyValueSpecification","valueRequired":true,"valueName":"search_term_string"}}],"inLanguage":"de"},{"@type":["Person","Organization"],"@id":"https:\/\/indiatravelboutique.com\/#\/schema\/person\/e11aa90df2bb708bce9f73d33883dc23","name":"ITB Official","image":{"@type":"ImageObject","inLanguage":"de","@id":"https:\/\/indiatravelboutique.com\/#\/schema\/person\/image\/","url":"https:\/\/indiatravelboutique.com\/wp-content\/uploads\/2024\/12\/bold-new-fresh-itb-logo.svg","contentUrl":"https:\/\/indiatravelboutique.com\/wp-content\/uploads\/2024\/12\/bold-new-fresh-itb-logo.svg","width":160,"height":70,"caption":"ITB Official"},"logo":{"@id":"https:\/\/indiatravelboutique.com\/#\/schema\/person\/image\/"},"description":"I'm Manoranjan Pandey, the proud founder of ITB. With three decades of experience as a tour guide and travel professional in India, I've honed my expertise, particularly in catering to German-speaking groups. Living in Austria for 15 years and now based in Germany, I've cultivated a profound understanding of European travelers' preferences, making me a vital link between cultures. Leading ITB, I've been instrumental in steering the company to remarkable success within the travel sector.","sameAs":["https:\/\/indiatravelboutique.com","https:\/\/www.facebook.com\/ItbIndia?mibextid=LQQJ4d","https:\/\/www.instagram.com\/india_travel_boutique?igsh=MWZjNHkwZjF1MjJoMA&utm_source=qr"]}]}},"_links":{"self":[{"href":"https:\/\/indiatravelboutique.com\/de\/wp-json\/wp\/v2\/pages\/4983"}],"collection":[{"href":"https:\/\/indiatravelboutique.com\/de\/wp-json\/wp\/v2\/pages"}],"about":[{"href":"https:\/\/indiatravelboutique.com\/de\/wp-json\/wp\/v2\/types\/page"}],"author":[{"embeddable":true,"href":"https:\/\/indiatravelboutique.com\/de\/wp-json\/wp\/v2\/users\/1"}],"replies":[{"embeddable":true,"href":"https:\/\/indiatravelboutique.com\/de\/wp-json\/wp\/v2\/comments?post=4983"}],"version-history":[{"count":0,"href":"https:\/\/indiatravelboutique.com\/de\/wp-json\/wp\/v2\/pages\/4983\/revisions"}],"wp:attachment":[{"href":"https:\/\/indiatravelboutique.com\/de\/wp-json\/wp\/v2\/media?parent=4983"}],"curies":[{"name":"wp","href":"https:\/\/api.w.org\/{rel}","templated":true}]}}